{"id":23376,"date":"2026-03-25T10:58:33","date_gmt":"2026-03-25T09:58:33","guid":{"rendered":"https:\/\/web-studio-agency.fr\/eroscool\/?post_type=product&#038;p=23376"},"modified":"2026-03-25T11:05:50","modified_gmt":"2026-03-25T10:05:50","slug":"gel-vibration-tonic","status":"publish","type":"product","link":"https:\/\/web-studio-agency.fr\/eroscool\/product\/gel-vibration-tonic\/","title":{"rendered":"Gel vibration Tonic"},"content":{"rendered":"\t\t<div data-elementor-type=\"wp-post\" data-elementor-id=\"23376\" class=\"elementor elementor-23376\" data-elementor-post-type=\"product\">\n\t\t\t\t\t\t<section class=\"elementor-section elementor-top-section elementor-element elementor-element-43512533 elementor-section-boxed elementor-section-height-default elementor-section-height-default\" data-id=\"43512533\" data-element_type=\"section\" data-e-type=\"section\">\n\t\t\t\t\t\t<div class=\"elementor-container elementor-column-gap-default\">\n\t\t\t\t\t<div class=\"elementor-column elementor-col-50 elementor-top-column elementor-element elementor-element-21ea4f37 pro-detail-2\" data-id=\"21ea4f37\" data-element_type=\"column\" data-e-type=\"column\">\n\t\t\t<div class=\"elementor-widget-wrap elementor-element-populated\">\n\t\t\t\t\t\t<div class=\"elementor-element elementor-element-41b0a29 elementor-widget elementor-widget-dtshop-widget-product-single-summary-nav-bar\" data-id=\"41b0a29\" data-element_type=\"widget\" data-e-type=\"widget\" data-widget_type=\"dtshop-widget-product-single-summary-nav-bar.default\">\n\t\t\t\t<div class=\"elementor-widget-container\">\n\t\t\t\t\tPlease provide product id to display corresponding data!\t\t\t\t<\/div>\n\t\t\t\t<\/div>\n\t\t\t\t<div class=\"elementor-element elementor-element-3763ac22 elementor-widget elementor-widget-dtshop-widget-product-images-default\" data-id=\"3763ac22\" data-element_type=\"widget\" data-e-type=\"widget\" data-widget_type=\"dtshop-widget-product-images-default.default\">\n\t\t\t\t<div class=\"elementor-widget-container\">\n\t\t\t\t\tPlease provide product id to display corresponding data!\t\t\t\t<\/div>\n\t\t\t\t<\/div>\n\t\t\t\t\t<\/div>\n\t\t<\/div>\n\t\t\t\t<div class=\"elementor-column elementor-col-50 elementor-top-column elementor-element elementor-element-552ab3f2 pro-detail-3\" data-id=\"552ab3f2\" data-element_type=\"column\" data-e-type=\"column\">\n\t\t\t<div class=\"elementor-widget-wrap elementor-element-populated\">\n\t\t\t\t\t\t<div class=\"elementor-element elementor-element-471606d6 beaux-shop-summary elementor-widget elementor-widget-dtshop-widget-product-single-summary\" data-id=\"471606d6\" data-element_type=\"widget\" data-e-type=\"widget\" data-widget_type=\"dtshop-widget-product-single-summary.default\">\n\t\t\t\t<div class=\"elementor-widget-container\">\n\t\t\t\t\tPlease provide product id to display corresponding data!\t\t\t\t<\/div>\n\t\t\t\t<\/div>\n\t\t\t\t<div class=\"elementor-element elementor-element-b38bd9d elementor-widget elementor-widget-dtshop-widget-upsell-products\" data-id=\"b38bd9d\" data-element_type=\"widget\" data-e-type=\"widget\" data-widget_type=\"dtshop-widget-upsell-products.default\">\n\t\t\t\t<div class=\"elementor-widget-container\">\n\t\t\t\t\tPlease provide product id to display corresponding data!\t\t\t\t<\/div>\n\t\t\t\t<\/div>\n\t\t\t\t<div class=\"elementor-element elementor-element-566ac5f5 elementor-widget elementor-widget-heading\" data-id=\"566ac5f5\" data-element_type=\"widget\" data-e-type=\"widget\" data-widget_type=\"heading.default\">\n\t\t\t\t<div class=\"elementor-widget-container\">\n\t\t\t\t\t<h6 class=\"elementor-heading-title elementor-size-default\">Partager<\/h6>\t\t\t\t<\/div>\n\t\t\t\t<\/div>\n\t\t\t\t<div class=\"elementor-element elementor-element-6df9f17 elementor-widget elementor-widget-dtshop-widget-product-single-summary\" data-id=\"6df9f17\" data-element_type=\"widget\" data-e-type=\"widget\" data-widget_type=\"dtshop-widget-product-single-summary.default\">\n\t\t\t\t<div class=\"elementor-widget-container\">\n\t\t\t\t\tPlease provide product id to display corresponding data!\t\t\t\t<\/div>\n\t\t\t\t<\/div>\n\t\t\t\t<div class=\"elementor-element elementor-element-49fccaf elementor-widget elementor-widget-dtshop-widget-product-single-tabs-exploded\" data-id=\"49fccaf\" data-element_type=\"widget\" data-e-type=\"widget\" data-widget_type=\"dtshop-widget-product-single-tabs-exploded.default\">\n\t\t\t\t<div class=\"elementor-widget-container\">\n\t\t\t\t\tPlease provide product id to display corresponding data!\t\t\t\t<\/div>\n\t\t\t\t<\/div>\n\t\t\t\t<div class=\"elementor-element elementor-element-01e2294 elementor-widget elementor-widget-text-editor\" data-id=\"01e2294\" data-element_type=\"widget\" data-e-type=\"widget\" data-widget_type=\"text-editor.default\">\n\t\t\t\t<div class=\"elementor-widget-container\">\n\t\t\t\t\t\t\t\t\t<p>Lorem ipsum dolor sit amet, consectetur adipiscing elit. Ut elit tellus, luctus nec ullamcorper mattis, pulvinar dapibus leo.<\/p>\t\t\t\t\t\t\t\t<\/div>\n\t\t\t\t<\/div>\n\t\t\t\t\t<\/div>\n\t\t<\/div>\n\t\t\t\t\t<\/div>\n\t\t<\/section>\n\t\t\t\t<section class=\"elementor-section elementor-top-section elementor-element elementor-element-9c89ea8 elementor-section-stretched aligncenter elementor-section-boxed elementor-section-height-default elementor-section-height-default\" data-id=\"9c89ea8\" data-element_type=\"section\" data-e-type=\"section\" data-settings=\"{&quot;stretch_section&quot;:&quot;section-stretched&quot;,&quot;background_background&quot;:&quot;classic&quot;}\">\n\t\t\t\t\t\t<div class=\"elementor-container elementor-column-gap-default\">\n\t\t\t\t\t<div class=\"elementor-column elementor-col-100 elementor-top-column elementor-element elementor-element-558ba18d\" data-id=\"558ba18d\" data-element_type=\"column\" data-e-type=\"column\">\n\t\t\t<div class=\"elementor-widget-wrap elementor-element-populated\">\n\t\t\t\t\t\t<div class=\"elementor-element elementor-element-144ba99b elementor-widget elementor-widget-heading\" data-id=\"144ba99b\" data-element_type=\"widget\" data-e-type=\"widget\" data-widget_type=\"heading.default\">\n\t\t\t\t<div class=\"elementor-widget-container\">\n\t\t\t\t\t<h6 class=\"elementor-heading-title elementor-size-default\">LE BLOG \u2013 L\u2019ART DE LA SENSUALIT\u00c9<\/h6>\t\t\t\t<\/div>\n\t\t\t\t<\/div>\n\t\t\t\t<div class=\"elementor-element elementor-element-166ef840 elementor-grid-2 elementor-grid-tablet-2 elementor-grid-mobile-1 elementor-posts--thumbnail-top elementor-card-shadow-yes elementor-posts__hover-gradient elementor-widget elementor-widget-posts\" data-id=\"166ef840\" data-element_type=\"widget\" data-e-type=\"widget\" data-settings=\"{&quot;cards_columns&quot;:&quot;2&quot;,&quot;cards_columns_tablet&quot;:&quot;2&quot;,&quot;cards_columns_mobile&quot;:&quot;1&quot;,&quot;cards_row_gap&quot;:{&quot;unit&quot;:&quot;px&quot;,&quot;size&quot;:35,&quot;sizes&quot;:[]},&quot;cards_row_gap_laptop&quot;:{&quot;unit&quot;:&quot;px&quot;,&quot;size&quot;:&quot;&quot;,&quot;sizes&quot;:[]},&quot;cards_row_gap_tablet_extra&quot;:{&quot;unit&quot;:&quot;px&quot;,&quot;size&quot;:&quot;&quot;,&quot;sizes&quot;:[]},&quot;cards_row_gap_tablet&quot;:{&quot;unit&quot;:&quot;px&quot;,&quot;size&quot;:&quot;&quot;,&quot;sizes&quot;:[]},&quot;cards_row_gap_mobile_extra&quot;:{&quot;unit&quot;:&quot;px&quot;,&quot;size&quot;:&quot;&quot;,&quot;sizes&quot;:[]},&quot;cards_row_gap_mobile&quot;:{&quot;unit&quot;:&quot;px&quot;,&quot;size&quot;:&quot;&quot;,&quot;sizes&quot;:[]}}\" data-widget_type=\"posts.cards\">\n\t\t\t\t<div class=\"elementor-widget-container\">\n\t\t\t\t\t\t\t<div class=\"elementor-posts-container elementor-posts elementor-posts--skin-cards elementor-grid\" role=\"list\">\n\t\t\t\t<article class=\"elementor-post elementor-grid-item post-23082 post type-post status-publish format-standard has-post-thumbnail hentry category-actu\" role=\"listitem\">\n\t\t\t<div class=\"elementor-post__card\">\n\t\t\t\t<a class=\"elementor-post__thumbnail__link\" href=\"https:\/\/web-studio-agency.fr\/eroscool\/les-codes-du-plaisir-a-apprivoiser-avec-delicatesse\/\" tabindex=\"-1\" ><div class=\"elementor-post__thumbnail\"><img decoding=\"async\" width=\"300\" height=\"164\" src=\"https:\/\/web-studio-agency.fr\/eroscool\/wp-content\/uploads\/2026\/03\/lescodesduplaisir-300x164.png\" class=\"attachment-medium size-medium wp-image-23086\" alt=\"\" srcset=\"https:\/\/web-studio-agency.fr\/eroscool\/wp-content\/uploads\/2026\/03\/lescodesduplaisir-300x164.png 300w, https:\/\/web-studio-agency.fr\/eroscool\/wp-content\/uploads\/2026\/03\/lescodesduplaisir-scaled-1000x545.png 1000w, https:\/\/web-studio-agency.fr\/eroscool\/wp-content\/uploads\/2026\/03\/lescodesduplaisir-1024x559.png 1024w, https:\/\/web-studio-agency.fr\/eroscool\/wp-content\/uploads\/2026\/03\/lescodesduplaisir-768x419.png 768w, https:\/\/web-studio-agency.fr\/eroscool\/wp-content\/uploads\/2026\/03\/lescodesduplaisir-1536x838.png 1536w, https:\/\/web-studio-agency.fr\/eroscool\/wp-content\/uploads\/2026\/03\/lescodesduplaisir-2048x1117.png 2048w\" sizes=\"(max-width: 300px) 100vw, 300px\" \/><\/div><\/a>\n\t\t\t\t<div class=\"elementor-post__text\">\n\t\t\t\t<h3 class=\"elementor-post__title\">\n\t\t\t<a href=\"https:\/\/web-studio-agency.fr\/eroscool\/les-codes-du-plaisir-a-apprivoiser-avec-delicatesse\/\" >\n\t\t\t\tLes codes du plaisir \u00e0 apprivoiser avec d\u00e9licatesse\t\t\t<\/a>\n\t\t<\/h3>\n\t\t\n\t\t<a class=\"elementor-post__read-more\" href=\"https:\/\/web-studio-agency.fr\/eroscool\/les-codes-du-plaisir-a-apprivoiser-avec-delicatesse\/\" aria-label=\"Read more about Les codes du plaisir \u00e0 apprivoiser avec d\u00e9licatesse\" tabindex=\"-1\" >\n\t\t\tLire la suite\t\t<\/a>\n\n\t\t\t\t<\/div>\n\t\t\t\t\t<\/div>\n\t\t<\/article>\n\t\t\t\t<\/div>\n\t\t\n\t\t\t\t\t\t<\/div>\n\t\t\t\t<\/div>\n\t\t\t\t<div class=\"elementor-element elementor-element-5455166c elementor-widget elementor-widget-spacer\" data-id=\"5455166c\" data-element_type=\"widget\" data-e-type=\"widget\" data-widget_type=\"spacer.default\">\n\t\t\t\t<div class=\"elementor-widget-container\">\n\t\t\t\t\t\t\t<div class=\"elementor-spacer\">\n\t\t\t<div class=\"elementor-spacer-inner\"><\/div>\n\t\t<\/div>\n\t\t\t\t\t\t<\/div>\n\t\t\t\t<\/div>\n\t\t\t\t<div class=\"elementor-element elementor-element-15a64f2c default-button elementor-widget elementor-widget-button\" data-id=\"15a64f2c\" data-element_type=\"widget\" data-e-type=\"widget\" data-widget_type=\"button.default\">\n\t\t\t\t<div class=\"elementor-widget-container\">\n\t\t\t\t\t\t\t\t\t<div class=\"elementor-button-wrapper\">\n\t\t\t\t\t<a class=\"elementor-button elementor-button-link elementor-size-sm\" href=\"https:\/\/web-studio-agency.fr\/eroscool\/blog\/\">\n\t\t\t\t\t\t<span class=\"elementor-button-content-wrapper\">\n\t\t\t\t\t\t\t\t\t<span class=\"elementor-button-text\">Voir tous les articles<\/span>\n\t\t\t\t\t<\/span>\n\t\t\t\t\t<\/a>\n\t\t\t\t<\/div>\n\t\t\t\t\t\t\t\t<\/div>\n\t\t\t\t<\/div>\n\t\t\t\t<div class=\"elementor-element elementor-element-7857edaf elementor-widget elementor-widget-spacer\" data-id=\"7857edaf\" data-element_type=\"widget\" data-e-type=\"widget\" data-widget_type=\"spacer.default\">\n\t\t\t\t<div class=\"elementor-widget-container\">\n\t\t\t\t\t\t\t<div class=\"elementor-spacer\">\n\t\t\t<div class=\"elementor-spacer-inner\"><\/div>\n\t\t<\/div>\n\t\t\t\t\t\t<\/div>\n\t\t\t\t<\/div>\n\t\t\t\t\t<\/div>\n\t\t<\/div>\n\t\t\t\t\t<\/div>\n\t\t<\/section>\n\t\t\t\t<section class=\"elementor-section elementor-top-section elementor-element elementor-element-3d426c26 elementor-section-boxed elementor-section-height-default elementor-section-height-default\" data-id=\"3d426c26\" data-element_type=\"section\" data-e-type=\"section\">\n\t\t\t\t\t\t<div class=\"elementor-container elementor-column-gap-default\">\n\t\t\t\t\t<div class=\"elementor-column elementor-col-100 elementor-top-column elementor-element elementor-element-4dd5853b\" data-id=\"4dd5853b\" data-element_type=\"column\" data-e-type=\"column\">\n\t\t\t<div class=\"elementor-widget-wrap elementor-element-populated\">\n\t\t\t\t\t\t<div class=\"elementor-element elementor-element-39e18040 elementor-widget elementor-widget-spacer\" data-id=\"39e18040\" data-element_type=\"widget\" data-e-type=\"widget\" data-widget_type=\"spacer.default\">\n\t\t\t\t<div class=\"elementor-widget-container\">\n\t\t\t\t\t\t\t<div class=\"elementor-spacer\">\n\t\t\t<div class=\"elementor-spacer-inner\"><\/div>\n\t\t<\/div>\n\t\t\t\t\t\t<\/div>\n\t\t\t\t<\/div>\n\t\t\t\t\t<\/div>\n\t\t<\/div>\n\t\t\t\t\t<\/div>\n\t\t<\/section>\n\t\t\t\t<section class=\"elementor-section elementor-top-section elementor-element elementor-element-236adbf1 elementor-section-boxed elementor-section-height-default elementor-section-height-default\" data-id=\"236adbf1\" data-element_type=\"section\" data-e-type=\"section\">\n\t\t\t\t\t\t<div class=\"elementor-container elementor-column-gap-default\">\n\t\t\t\t\t<div class=\"elementor-column elementor-col-100 elementor-top-column elementor-element elementor-element-24d1a656\" data-id=\"24d1a656\" data-element_type=\"column\" data-e-type=\"column\">\n\t\t\t<div class=\"elementor-widget-wrap elementor-element-populated\">\n\t\t\t\t\t\t<div class=\"elementor-element elementor-element-7130ab39 elementor-widget elementor-widget-heading\" data-id=\"7130ab39\" data-element_type=\"widget\" data-e-type=\"widget\" data-widget_type=\"heading.default\">\n\t\t\t\t<div class=\"elementor-widget-container\">\n\t\t\t\t\t<h6 class=\"elementor-heading-title elementor-size-default\">En accord parfait<\/h6>\t\t\t\t<\/div>\n\t\t\t\t<\/div>\n\t\t\t\t<div class=\"elementor-element elementor-element-39404f9a elementor-widget elementor-widget-spacer\" data-id=\"39404f9a\" data-element_type=\"widget\" data-e-type=\"widget\" data-widget_type=\"spacer.default\">\n\t\t\t\t<div class=\"elementor-widget-container\">\n\t\t\t\t\t\t\t<div class=\"elementor-spacer\">\n\t\t\t<div class=\"elementor-spacer-inner\"><\/div>\n\t\t<\/div>\n\t\t\t\t\t\t<\/div>\n\t\t\t\t<\/div>\n\t\t\t\t<div class=\"elementor-element elementor-element-3e5b43ea elementor-widget elementor-widget-dtshop-widget-related-products\" data-id=\"3e5b43ea\" data-element_type=\"widget\" data-e-type=\"widget\" data-widget_type=\"dtshop-widget-related-products.default\">\n\t\t\t\t<div class=\"elementor-widget-container\">\n\t\t\t\t\tPlease provide product id to display corresponding data!\t\t\t\t<\/div>\n\t\t\t\t<\/div>\n\t\t\t\t\t<\/div>\n\t\t<\/div>\n\t\t\t\t\t<\/div>\n\t\t<\/section>\n\t\t\t\t<\/div>\n\t\t","protected":false},"excerpt":{"rendered":"<p>Quelques gouttes de ce gel surprenant <strong>Vibration ! Ice <\/strong>de la gamme<strong>\u00a0<a href=\"https:\/\/www.sexycenter.fr\/297_intt\">INTT<\/a><\/strong> suffiront \u00e0 vous faire d\u00e9couvrir de <strong>nouvelles sensations terriblement excitantes et sensuellement grisantes<\/strong> !<\/p>\n<p><strong>Unisexe<\/strong>\u00a0et\u00a0con\u00e7u pour pouvoir \u00eatre aval\u00e9 sans aucun danger, ce gel s&rsquo;applique tout simplement sur <strong>les parties les plus sensibles<\/strong> du corps pour vous procurer des <strong>effets jouissifs maximum<\/strong>. Appliquez\u00a0<strong>1 \u00e0\u00a02 gouttes<\/strong> sur le <strong>clitoris<\/strong>, le <strong>p\u00e9nis<\/strong> ou bien les <strong>seins<\/strong> et ressentez au bout de quelques secondes les <strong>sensations de vibration<\/strong> procur\u00e9es par son principal actif naturel issu d&rsquo;une plante tropicale. Vous serez envahi par des <strong>vagues pulsantes<\/strong> qui feront <strong>monter le d\u00e9sir et le plaisir<\/strong> et pourrez \u00e9galement profiter de son <strong>effet menthol\u00e9 rafra\u00eechissant<\/strong> pour des contrastes sensuels saisissants.<\/p>\n","protected":false},"featured_media":23360,"comment_status":"open","ping_status":"closed","template":"","meta":[],"product_brand":[],"product_cat":[70],"product_tag":[73],"class_list":{"0":"post-23376","1":"product","2":"type-product","3":"status-publish","4":"has-post-thumbnail","6":"product_cat-gels-vibration","7":"product_tag-gel-vibration","10":"instock","11":"shipping-taxable","12":"purchasable","13":"product-type-simple","14":"product-grid-view"},"_links":{"self":[{"href":"https:\/\/web-studio-agency.fr\/eroscool\/wp-json\/wp\/v2\/product\/23376","targetHints":{"allow":["GET"]}}],"collection":[{"href":"https:\/\/web-studio-agency.fr\/eroscool\/wp-json\/wp\/v2\/product"}],"about":[{"href":"https:\/\/web-studio-agency.fr\/eroscool\/wp-json\/wp\/v2\/types\/product"}],"replies":[{"embeddable":true,"href":"https:\/\/web-studio-agency.fr\/eroscool\/wp-json\/wp\/v2\/comments?post=23376"}],"version-history":[{"count":2,"href":"https:\/\/web-studio-agency.fr\/eroscool\/wp-json\/wp\/v2\/product\/23376\/revisions"}],"predecessor-version":[{"id":23391,"href":"https:\/\/web-studio-agency.fr\/eroscool\/wp-json\/wp\/v2\/product\/23376\/revisions\/23391"}],"wp:featuredmedia":[{"embeddable":true,"href":"https:\/\/web-studio-agency.fr\/eroscool\/wp-json\/wp\/v2\/media\/23360"}],"wp:attachment":[{"href":"https:\/\/web-studio-agency.fr\/eroscool\/wp-json\/wp\/v2\/media?parent=23376"}],"wp:term":[{"taxonomy":"product_brand","embeddable":true,"href":"https:\/\/web-studio-agency.fr\/eroscool\/wp-json\/wp\/v2\/product_brand?post=23376"},{"taxonomy":"product_cat","embeddable":true,"href":"https:\/\/web-studio-agency.fr\/eroscool\/wp-json\/wp\/v2\/product_cat?post=23376"},{"taxonomy":"product_tag","embeddable":true,"href":"https:\/\/web-studio-agency.fr\/eroscool\/wp-json\/wp\/v2\/product_tag?post=23376"}],"curies":[{"name":"wp","href":"https:\/\/api.w.org\/{rel}","templated":true}]}}